{"id":1224,"date":"2026-02-09T11:42:43","date_gmt":"2026-02-09T11:42:43","guid":{"rendered":"https:\/\/www.tcm-seerose.ch\/?page_id=1224"},"modified":"2026-04-01T18:13:26","modified_gmt":"2026-04-01T17:13:26","slug":"privacy-policy","status":"publish","type":"page","link":"https:\/\/www.tcm-seerose.ch\/en\/privacy-policy\/","title":{"rendered":"Firma \/ Datenschutz"},"content":{"rendered":"<div data-elementor-type=\"wp-page\" data-elementor-id=\"1224\" class=\"elementor elementor-1224\" data-elementor-post-type=\"page\">\n\t\t\t\t<div class=\"elementor-element elementor-element-1712590 e-flex e-con-boxed e-con e-parent\" data-id=\"1712590\" data-element_type=\"container\" data-e-type=\"container\" data-settings=\"{&quot;background_background&quot;:&quot;classic&quot;}\">\n\t\t\t\t\t<div class=\"e-con-inner\">\n\t\t\t\t<div class=\"elementor-element elementor-element-4315925 elementor-widget elementor-widget-heading\" data-id=\"4315925\" data-element_type=\"widget\" data-e-type=\"widget\" data-widget_type=\"heading.default\">\n\t\t\t\t<div class=\"elementor-widget-container\">\n\t\t\t\t\t<h1 class=\"elementor-heading-title elementor-size-default\">Privacy policy<\/h1>\t\t\t\t<\/div>\n\t\t\t\t<\/div>\n\t\t\t\t<div class=\"elementor-element elementor-element-775bb47 elementor-view-default elementor-widget elementor-widget-icon\" data-id=\"775bb47\" data-element_type=\"widget\" data-e-type=\"widget\" data-widget_type=\"icon.default\">\n\t\t\t\t<div class=\"elementor-widget-container\">\n\t\t\t\t\t\t\t<div class=\"elementor-icon-wrapper\">\n\t\t\t<div class=\"elementor-icon\">\n\t\t\t<svg aria-hidden=\"true\" class=\"e-font-icon-svg e-fas-chevron-down\" viewbox=\"0 0 448 512\" xmlns=\"http:\/\/www.w3.org\/2000\/svg\"><path d=\"M207.029 381.476L12.686 187.132c-9.373-9.373-9.373-24.569 0-33.941l22.667-22.667c9.357-9.357 24.522-9.375 33.901-.04L224 284.505l154.745-154.021c9.379-9.335 24.544-9.317 33.901.04l22.667 22.667c9.373 9.373 9.373 24.569 0 33.941L240.971 381.476c-9.373 9.372-24.569 9.372-33.942 0z\"><\/path><\/svg>\t\t\t<\/div>\n\t\t<\/div>\n\t\t\t\t\t\t<\/div>\n\t\t\t\t<\/div>\n\t\t\t\t\t<\/div>\n\t\t\t\t<\/div>\n\t\t<div class=\"elementor-element elementor-element-903d06c e-flex e-con-boxed e-con e-parent\" data-id=\"903d06c\" data-element_type=\"container\" data-e-type=\"container\">\n\t\t\t\t\t<div class=\"e-con-inner\">\n\t\t\t\t<div class=\"elementor-element elementor-element-0646daa elementor-widget__width-inherit elementor-widget elementor-widget-heading\" data-id=\"0646daa\" data-element_type=\"widget\" data-e-type=\"widget\" data-widget_type=\"heading.default\">\n\t\t\t\t<div class=\"elementor-widget-container\">\n\t\t\t\t\t<h2 class=\"elementor-heading-title elementor-size-default\">1. Who I am and how you can reach me<\/h2>\t\t\t\t<\/div>\n\t\t\t\t<\/div>\n\t\t\t\t<div class=\"elementor-element elementor-element-032992f elementor-widget elementor-widget-text-editor\" data-id=\"032992f\" data-element_type=\"widget\" data-e-type=\"widget\" data-widget_type=\"text-editor.default\">\n\t\t\t\t<div class=\"elementor-widget-container\">\n\t\t\t\t\t\t\t\t\t<p>My name is <a title=\"Learn more about Xiaoyun Li\" href=\"https:\/\/www.tcm-seerose.ch\/en\/about-me\/\"><strong>Xiaoyun Li<\/strong><\/a> and I am the person responsible for data processing at TCM Seerose GmbH. If you have any questions about data protection, you can contact me here at any time:<\/p><p><strong>TCM Seerose GmbH<\/strong><br \/>Bernstrasse 27<br \/>3302 Moosseedorf<br \/>Switzerland<\/p><p>Email: <a href=\"mailto:info@tcm-seerose.ch\">info@tcm-seerose.ch<\/a><br \/>Phone: <a href=\"tel:+41798848168\">079 884 81 68<\/a><\/p>\t\t\t\t\t\t\t\t<\/div>\n\t\t\t\t<\/div>\n\t\t\t\t<div class=\"elementor-element elementor-element-e8df3d3 elementor-widget__width-inherit elementor-widget elementor-widget-heading\" data-id=\"e8df3d3\" data-element_type=\"widget\" data-e-type=\"widget\" data-widget_type=\"heading.default\">\n\t\t\t\t<div class=\"elementor-widget-container\">\n\t\t\t\t\t<h2 class=\"elementor-heading-title elementor-size-default\">2. What happens when you visit my website?<\/h2>\t\t\t\t<\/div>\n\t\t\t\t<\/div>\n\t\t\t\t<div class=\"elementor-element elementor-element-67fe77a elementor-widget elementor-widget-text-editor\" data-id=\"67fe77a\" data-element_type=\"widget\" data-e-type=\"widget\" data-widget_type=\"text-editor.default\">\n\t\t\t\t<div class=\"elementor-widget-container\">\n\t\t\t\t\t\t\t\t\t<p><strong>Hosting in Belgium<\/strong><\/p><p>I have my website hosted in Belgium. This automatically collects information (so-called server log files), such as your IP address, the browser type and the time of access. I need this data to ensure that the website functions properly and securely.<\/p><p><strong>Contact form<\/strong><\/p><p>If you send me a message via the contact form, I will save your details so that I can process your request and reply to you. I will not pass on this data without your permission.<\/p><p><strong>Newsletter (MailPoet)<\/strong><\/p><p>I would be delighted if you would subscribe to my newsletter. I use the MailPoet tool for this. I use the \u201edouble opt-in\u201c procedure to ensure that no one is added to the list unintentionally: You will receive an e-mail after subscribing and will only be added to my mailing list if you actively confirm in this e-mail. You can of course unsubscribe at any time via a link in the newsletter.<\/p>\t\t\t\t\t\t\t\t<\/div>\n\t\t\t\t<\/div>\n\t\t\t\t<div class=\"elementor-element elementor-element-408a110 elementor-widget__width-inherit elementor-widget elementor-widget-heading\" data-id=\"408a110\" data-element_type=\"widget\" data-e-type=\"widget\" data-widget_type=\"heading.default\">\n\t\t\t\t<div class=\"elementor-widget-container\">\n\t\t\t\t\t<h2 class=\"elementor-heading-title elementor-size-default\">3. Cookies and analysis tools<\/h2>\t\t\t\t<\/div>\n\t\t\t\t<\/div>\n\t\t\t\t<div class=\"elementor-element elementor-element-50ab444 elementor-widget elementor-widget-text-editor\" data-id=\"50ab444\" data-element_type=\"widget\" data-e-type=\"widget\" data-widget_type=\"text-editor.default\">\n\t\t\t\t<div class=\"elementor-widget-container\">\n\t\t\t\t\t\t\t\t\t<p>I use cookies to make my website better for you. These are small text files that are stored in your browser. Some are technically necessary, others help me to understand how my website is used.<\/p><p><strong>Google services<\/strong><\/p><p>I use the services of Google Ireland Limited (Ireland\/USA):<\/p><ul><li>Google Analytics: This allows me to see which pages are visited particularly often.<\/li><li>Google Tag Manager: I use this to manage various analysis tools.<\/li><li>Google Search Console: I use this to monitor how my website appears in the search results.<\/li><li>Google Maps: To make it easier for you to find my practice in Moosseedorf.<\/li><li>Google reCAPTCHA: To protect my website from spam and abuse by bots (automated programs), I use reCAPTCHA. This service verifies that the entries in my forms are made by a human. To do this, Google analyzes user behavior based on data such as the IP address, mouse movements, and the amount of time spent on the page.<br \/><br \/><\/li><\/ul><p>Data may be transferred to Google in the USA. However, Google is certified under the EU-U.S. and Swiss-U.S. Data Privacy Framework, which guarantees the secure handling of your data.<\/p><p><strong>YouTube videos<\/strong><\/p><p>I occasionally embed videos from YouTube. When you watch these, a connection is established to Google's servers, which tells Google that you have visited my site.<\/p><p><strong>Facebook Pixel (Meta)<\/strong><\/p><p>I use the Facebook pixel. This helps me to measure whether my advertisements on Facebook are successful. If you have a Facebook account, Meta can associate this information with your profile.<\/p>\t\t\t\t\t\t\t\t<\/div>\n\t\t\t\t<\/div>\n\t\t\t\t<div class=\"elementor-element elementor-element-28b9264 elementor-widget__width-inherit elementor-widget elementor-widget-heading\" data-id=\"28b9264\" data-element_type=\"widget\" data-e-type=\"widget\" data-widget_type=\"heading.default\">\n\t\t\t\t<div class=\"elementor-widget-container\">\n\t\t\t\t\t<h2 class=\"elementor-heading-title elementor-size-default\">4. Disclosure of your data<\/h2>\t\t\t\t<\/div>\n\t\t\t\t<\/div>\n\t\t\t\t<div class=\"elementor-element elementor-element-8e1853c elementor-widget elementor-widget-text-editor\" data-id=\"8e1853c\" data-element_type=\"widget\" data-e-type=\"widget\" data-widget_type=\"text-editor.default\">\n\t\t\t\t<div class=\"elementor-widget-container\">\n\t\t\t\t\t\t\t\t\t<p>I handle your data very carefully. I only pass them on if:<\/p><ul><li>you have expressly given me permission to do so.<\/li><li>I am legally obliged to do so.<\/li><li>It is necessary for the processing of our cooperation (e.g. billing).<br \/><br \/><\/li><\/ul>\t\t\t\t\t\t\t\t<\/div>\n\t\t\t\t<\/div>\n\t\t\t\t<div class=\"elementor-element elementor-element-87bddde elementor-widget__width-inherit elementor-widget elementor-widget-heading\" data-id=\"87bddde\" data-element_type=\"widget\" data-e-type=\"widget\" data-widget_type=\"heading.default\">\n\t\t\t\t<div class=\"elementor-widget-container\">\n\t\t\t\t\t<h2 class=\"elementor-heading-title elementor-size-default\">5. Your rights<\/h2>\t\t\t\t<\/div>\n\t\t\t\t<\/div>\n\t\t\t\t<div class=\"elementor-element elementor-element-d2c4ed1 elementor-widget elementor-widget-text-editor\" data-id=\"d2c4ed1\" data-element_type=\"widget\" data-e-type=\"widget\" data-widget_type=\"text-editor.default\">\n\t\t\t\t<div class=\"elementor-widget-container\">\n\t\t\t\t\t\t\t\t\t<p>You have the right to ask me at any time what data I have stored about you. You can also request that I correct or delete data (unless I am legally obliged to retain it). Simply send me an e-mail to <a href=\"mailto:info@tcm-seerose.ch\" target=\"_blank\" rel=\"noopener\">info@tcm-seerose.ch<\/a>.<\/p>\t\t\t\t\t\t\t\t<\/div>\n\t\t\t\t<\/div>\n\t\t\t\t<div class=\"elementor-element elementor-element-53916e1 elementor-widget__width-inherit elementor-widget elementor-widget-heading\" data-id=\"53916e1\" data-element_type=\"widget\" data-e-type=\"widget\" data-widget_type=\"heading.default\">\n\t\t\t\t<div class=\"elementor-widget-container\">\n\t\t\t\t\t<h2 class=\"elementor-heading-title elementor-size-default\">6. Safety<\/h2>\t\t\t\t<\/div>\n\t\t\t\t<\/div>\n\t\t\t\t<div class=\"elementor-element elementor-element-d9ca60b elementor-widget elementor-widget-text-editor\" data-id=\"d9ca60b\" data-element_type=\"widget\" data-e-type=\"widget\" data-widget_type=\"text-editor.default\">\n\t\t\t\t<div class=\"elementor-widget-container\">\n\t\t\t\t\t\t\t\t\t<p>To protect your data during transmission (e.g. in the contact form), I use modern SSL encryption. You can recognize this by the \u201ehttps:\/\/\u201c in the address bar of your browser.<\/p>\t\t\t\t\t\t\t\t<\/div>\n\t\t\t\t<\/div>\n\t\t\t\t\t<\/div>\n\t\t\t\t<\/div>\n\t\t\t\t<\/div>","protected":false},"excerpt":{"rendered":"<p>Datenschutz 1. Wer ich bin und wie Sie mich erreichen Mein Name ist Xiaoyun Li und ich bin die Verantwortliche f\u00fcr die Datenverarbeitung bei der TCM Seerose GmbH. Wenn Sie Fragen zum Datenschutz haben, k\u00f6nnen Sie mich jederzeit hier kontaktieren: TCM Seerose GmbHBernstrasse 273302 MoosseedorfSchweiz E-Mail: info@tcm-seerose.chTelefon: 079 884 81 68 2. Was passiert, wenn [&hellip;]<\/p>","protected":false},"author":1,"featured_media":4002,"parent":0,"menu_order":93,"comment_status":"closed","ping_status":"closed","template":"elementor_theme","meta":{"footnotes":""},"class_list":["post-1224","page","type-page","status-publish","has-post-thumbnail","hentry"],"yoast_head":"<!-- This site is optimized with the Yoast SEO plugin v27.3 - https:\/\/yoast.com\/product\/yoast-seo-wordpress\/ -->\n<title>Datenschutzerkl\u00e4rung der TCM Seerose GmbH<\/title>\n<meta name=\"description\" content=\"Wie wir Ihre Privatsph\u00e4re sch\u00fctzen: Informationen zur Datenverarbeitung nach nDSG &amp; DSGVO durch Xiaoyun Li in Moosseedorf.\" \/>\n<meta name=\"robots\" content=\"index, follow, max-snippet:-1, max-image-preview:large, max-video-preview:-1\" \/>\n<link rel=\"canonical\" href=\"https:\/\/www.tcm-seerose.ch\/en\/privacy-policy\/\" \/>\n<meta property=\"og:locale\" content=\"en_US\" \/>\n<meta property=\"og:type\" content=\"article\" \/>\n<meta property=\"og:title\" content=\"Datenschutzerkl\u00e4rung der TCM Seerose GmbH\" \/>\n<meta property=\"og:description\" content=\"Wie wir Ihre Privatsph\u00e4re sch\u00fctzen: Informationen zur Datenverarbeitung nach nDSG &amp; DSGVO durch Xiaoyun Li in Moosseedorf.\" \/>\n<meta property=\"og:url\" content=\"https:\/\/www.tcm-seerose.ch\/en\/privacy-policy\/\" \/>\n<meta property=\"og:site_name\" content=\"TCM Seerose GmbH\" \/>\n<meta property=\"article:modified_time\" content=\"2026-04-01T17:13:26+00:00\" \/>\n<meta property=\"og:image\" content=\"https:\/\/www.tcm-seerose.ch\/wp-content\/uploads\/2026\/03\/tcm-kosten-schoenbuehl.jpg\" \/>\n\t<meta property=\"og:image:width\" content=\"1200\" \/>\n\t<meta property=\"og:image:height\" content=\"600\" \/>\n\t<meta property=\"og:image:type\" content=\"image\/jpeg\" \/>\n<meta name=\"twitter:card\" content=\"summary_large_image\" \/>\n<meta name=\"twitter:label1\" content=\"Est. reading time\" \/>\n\t<meta name=\"twitter:data1\" content=\"4 minutes\" \/>\n<script type=\"application\/ld+json\" class=\"yoast-schema-graph\">{\"@context\":\"https:\\\/\\\/schema.org\",\"@graph\":[{\"@type\":\"WebPage\",\"@id\":\"https:\\\/\\\/www.tcm-seerose.ch\\\/datenschutz\\\/\",\"url\":\"https:\\\/\\\/www.tcm-seerose.ch\\\/datenschutz\\\/\",\"name\":\"Datenschutzerkl\u00e4rung der TCM Seerose GmbH\",\"isPartOf\":{\"@id\":\"https:\\\/\\\/www.tcm-seerose.ch\\\/#website\"},\"primaryImageOfPage\":{\"@id\":\"https:\\\/\\\/www.tcm-seerose.ch\\\/datenschutz\\\/#primaryimage\"},\"image\":{\"@id\":\"https:\\\/\\\/www.tcm-seerose.ch\\\/datenschutz\\\/#primaryimage\"},\"thumbnailUrl\":\"https:\\\/\\\/www.tcm-seerose.ch\\\/wp-content\\\/uploads\\\/2026\\\/03\\\/tcm-kosten-schoenbuehl.jpg\",\"datePublished\":\"2026-02-09T11:42:43+00:00\",\"dateModified\":\"2026-04-01T17:13:26+00:00\",\"description\":\"Wie wir Ihre Privatsph\u00e4re sch\u00fctzen: Informationen zur Datenverarbeitung nach nDSG & DSGVO durch Xiaoyun Li in Moosseedorf.\",\"breadcrumb\":{\"@id\":\"https:\\\/\\\/www.tcm-seerose.ch\\\/datenschutz\\\/#breadcrumb\"},\"inLanguage\":\"en-US\",\"potentialAction\":[{\"@type\":\"ReadAction\",\"target\":[\"https:\\\/\\\/www.tcm-seerose.ch\\\/datenschutz\\\/\"]}]},{\"@type\":\"ImageObject\",\"inLanguage\":\"en-US\",\"@id\":\"https:\\\/\\\/www.tcm-seerose.ch\\\/datenschutz\\\/#primaryimage\",\"url\":\"https:\\\/\\\/www.tcm-seerose.ch\\\/wp-content\\\/uploads\\\/2026\\\/03\\\/tcm-kosten-schoenbuehl.jpg\",\"contentUrl\":\"https:\\\/\\\/www.tcm-seerose.ch\\\/wp-content\\\/uploads\\\/2026\\\/03\\\/tcm-kosten-schoenbuehl.jpg\",\"width\":1200,\"height\":600,\"caption\":\"TCM-Kosten\"},{\"@type\":\"BreadcrumbList\",\"@id\":\"https:\\\/\\\/www.tcm-seerose.ch\\\/datenschutz\\\/#breadcrumb\",\"itemListElement\":[{\"@type\":\"ListItem\",\"position\":1,\"name\":\"Home\",\"item\":\"https:\\\/\\\/www.tcm-seerose.ch\\\/\"},{\"@type\":\"ListItem\",\"position\":2,\"name\":\"Datenschutz\"}]},{\"@type\":\"WebSite\",\"@id\":\"https:\\\/\\\/www.tcm-seerose.ch\\\/#website\",\"url\":\"https:\\\/\\\/www.tcm-seerose.ch\\\/\",\"name\":\"TCM Seerose GmbH\",\"description\":\"\",\"publisher\":{\"@id\":\"https:\\\/\\\/www.tcm-seerose.ch\\\/#organization\"},\"potentialAction\":[{\"@type\":\"SearchAction\",\"target\":{\"@type\":\"EntryPoint\",\"urlTemplate\":\"https:\\\/\\\/www.tcm-seerose.ch\\\/?s={search_term_string}\"},\"query-input\":{\"@type\":\"PropertyValueSpecification\",\"valueRequired\":true,\"valueName\":\"search_term_string\"}}],\"inLanguage\":\"en-US\"},{\"@type\":\"Organization\",\"@id\":\"https:\\\/\\\/www.tcm-seerose.ch\\\/#organization\",\"name\":\"TCM Seerose GmbH\",\"url\":\"https:\\\/\\\/www.tcm-seerose.ch\\\/\",\"logo\":{\"@type\":\"ImageObject\",\"inLanguage\":\"en-US\",\"@id\":\"https:\\\/\\\/www.tcm-seerose.ch\\\/#\\\/schema\\\/logo\\\/image\\\/\",\"url\":\"https:\\\/\\\/www.tcm-seerose.ch\\\/wp-content\\\/uploads\\\/2025\\\/12\\\/tcm-logo-1.jpg\",\"contentUrl\":\"https:\\\/\\\/www.tcm-seerose.ch\\\/wp-content\\\/uploads\\\/2025\\\/12\\\/tcm-logo-1.jpg\",\"width\":1832,\"height\":1612,\"caption\":\"TCM Seerose GmbH\"},\"image\":{\"@id\":\"https:\\\/\\\/www.tcm-seerose.ch\\\/#\\\/schema\\\/logo\\\/image\\\/\"}}]}<\/script>\n<!-- \/ Yoast SEO plugin. -->","yoast_head_json":{"title":"Privacy policy of TCM Seerose GmbH","description":"How we protect your privacy: Information on data processing according to nDSG &amp; DSGVO by Xiaoyun Li in Moosseedorf.","robots":{"index":"index","follow":"follow","max-snippet":"max-snippet:-1","max-image-preview":"max-image-preview:large","max-video-preview":"max-video-preview:-1"},"canonical":"https:\/\/www.tcm-seerose.ch\/en\/privacy-policy\/","og_locale":"en_US","og_type":"article","og_title":"Datenschutzerkl\u00e4rung der TCM Seerose GmbH","og_description":"Wie wir Ihre Privatsph\u00e4re sch\u00fctzen: Informationen zur Datenverarbeitung nach nDSG & DSGVO durch Xiaoyun Li in Moosseedorf.","og_url":"https:\/\/www.tcm-seerose.ch\/en\/privacy-policy\/","og_site_name":"TCM Seerose GmbH","article_modified_time":"2026-04-01T17:13:26+00:00","og_image":[{"width":1200,"height":600,"url":"https:\/\/www.tcm-seerose.ch\/wp-content\/uploads\/2026\/03\/tcm-kosten-schoenbuehl.jpg","type":"image\/jpeg"}],"twitter_card":"summary_large_image","twitter_misc":{"Est. reading time":"4 minutes"},"schema":{"@context":"https:\/\/schema.org","@graph":[{"@type":"WebPage","@id":"https:\/\/www.tcm-seerose.ch\/datenschutz\/","url":"https:\/\/www.tcm-seerose.ch\/datenschutz\/","name":"Privacy policy of TCM Seerose GmbH","isPartOf":{"@id":"https:\/\/www.tcm-seerose.ch\/#website"},"primaryImageOfPage":{"@id":"https:\/\/www.tcm-seerose.ch\/datenschutz\/#primaryimage"},"image":{"@id":"https:\/\/www.tcm-seerose.ch\/datenschutz\/#primaryimage"},"thumbnailUrl":"https:\/\/www.tcm-seerose.ch\/wp-content\/uploads\/2026\/03\/tcm-kosten-schoenbuehl.jpg","datePublished":"2026-02-09T11:42:43+00:00","dateModified":"2026-04-01T17:13:26+00:00","description":"How we protect your privacy: Information on data processing according to nDSG &amp; DSGVO by Xiaoyun Li in Moosseedorf.","breadcrumb":{"@id":"https:\/\/www.tcm-seerose.ch\/datenschutz\/#breadcrumb"},"inLanguage":"en-US","potentialAction":[{"@type":"ReadAction","target":["https:\/\/www.tcm-seerose.ch\/datenschutz\/"]}]},{"@type":"ImageObject","inLanguage":"en-US","@id":"https:\/\/www.tcm-seerose.ch\/datenschutz\/#primaryimage","url":"https:\/\/www.tcm-seerose.ch\/wp-content\/uploads\/2026\/03\/tcm-kosten-schoenbuehl.jpg","contentUrl":"https:\/\/www.tcm-seerose.ch\/wp-content\/uploads\/2026\/03\/tcm-kosten-schoenbuehl.jpg","width":1200,"height":600,"caption":"TCM-Kosten"},{"@type":"BreadcrumbList","@id":"https:\/\/www.tcm-seerose.ch\/datenschutz\/#breadcrumb","itemListElement":[{"@type":"ListItem","position":1,"name":"Home","item":"https:\/\/www.tcm-seerose.ch\/"},{"@type":"ListItem","position":2,"name":"Datenschutz"}]},{"@type":"WebSite","@id":"https:\/\/www.tcm-seerose.ch\/#website","url":"https:\/\/www.tcm-seerose.ch\/","name":"TCM Seerose GmbH","description":"","publisher":{"@id":"https:\/\/www.tcm-seerose.ch\/#organization"},"potentialAction":[{"@type":"SearchAction","target":{"@type":"EntryPoint","urlTemplate":"https:\/\/www.tcm-seerose.ch\/?s={search_term_string}"},"query-input":{"@type":"PropertyValueSpecification","valueRequired":true,"valueName":"search_term_string"}}],"inLanguage":"en-US"},{"@type":"Organization","@id":"https:\/\/www.tcm-seerose.ch\/#organization","name":"TCM Seerose GmbH","url":"https:\/\/www.tcm-seerose.ch\/","logo":{"@type":"ImageObject","inLanguage":"en-US","@id":"https:\/\/www.tcm-seerose.ch\/#\/schema\/logo\/image\/","url":"https:\/\/www.tcm-seerose.ch\/wp-content\/uploads\/2025\/12\/tcm-logo-1.jpg","contentUrl":"https:\/\/www.tcm-seerose.ch\/wp-content\/uploads\/2025\/12\/tcm-logo-1.jpg","width":1832,"height":1612,"caption":"TCM Seerose GmbH"},"image":{"@id":"https:\/\/www.tcm-seerose.ch\/#\/schema\/logo\/image\/"}}]}},"_links":{"self":[{"href":"https:\/\/www.tcm-seerose.ch\/en\/wp-json\/wp\/v2\/pages\/1224","targetHints":{"allow":["GET"]}}],"collection":[{"href":"https:\/\/www.tcm-seerose.ch\/en\/wp-json\/wp\/v2\/pages"}],"about":[{"href":"https:\/\/www.tcm-seerose.ch\/en\/wp-json\/wp\/v2\/types\/page"}],"author":[{"embeddable":true,"href":"https:\/\/www.tcm-seerose.ch\/en\/wp-json\/wp\/v2\/users\/1"}],"replies":[{"embeddable":true,"href":"https:\/\/www.tcm-seerose.ch\/en\/wp-json\/wp\/v2\/comments?post=1224"}],"version-history":[{"count":0,"href":"https:\/\/www.tcm-seerose.ch\/en\/wp-json\/wp\/v2\/pages\/1224\/revisions"}],"wp:featuredmedia":[{"embeddable":true,"href":"https:\/\/www.tcm-seerose.ch\/en\/wp-json\/wp\/v2\/media\/4002"}],"wp:attachment":[{"href":"https:\/\/www.tcm-seerose.ch\/en\/wp-json\/wp\/v2\/media?parent=1224"}],"curies":[{"name":"wp","href":"https:\/\/api.w.org\/{rel}","templated":true}]}}