{"id":1217,"date":"2026-02-09T11:38:24","date_gmt":"2026-02-09T11:38:24","guid":{"rendered":"https:\/\/www.tcm-seerose.ch\/?page_id=1217"},"modified":"2026-04-04T21:20:21","modified_gmt":"2026-04-04T20:20:21","slug":"legal-notice","status":"publish","type":"page","link":"https:\/\/www.tcm-seerose.ch\/en\/legal-notice\/","title":{"rendered":"Firma \/ Impressum"},"content":{"rendered":"<div data-elementor-type=\"wp-page\" data-elementor-id=\"1217\" class=\"elementor elementor-1217\" data-elementor-post-type=\"page\">\n\t\t\t\t<div class=\"elementor-element elementor-element-746e8cd e-flex e-con-boxed e-con e-parent\" data-id=\"746e8cd\" data-element_type=\"container\" data-e-type=\"container\" data-settings=\"{&quot;background_background&quot;:&quot;classic&quot;}\">\n\t\t\t\t\t<div class=\"e-con-inner\">\n\t\t\t\t<div class=\"elementor-element elementor-element-63354e2 elementor-widget elementor-widget-heading\" data-id=\"63354e2\" data-element_type=\"widget\" data-e-type=\"widget\" data-widget_type=\"heading.default\">\n\t\t\t\t<div class=\"elementor-widget-container\">\n\t\t\t\t\t<h1 class=\"elementor-heading-title elementor-size-default\">Legal notice<\/h1>\t\t\t\t<\/div>\n\t\t\t\t<\/div>\n\t\t\t\t<div class=\"elementor-element elementor-element-0cfef05 elementor-view-default elementor-widget elementor-widget-icon\" data-id=\"0cfef05\" data-element_type=\"widget\" data-e-type=\"widget\" data-widget_type=\"icon.default\">\n\t\t\t\t<div class=\"elementor-widget-container\">\n\t\t\t\t\t\t\t<div class=\"elementor-icon-wrapper\">\n\t\t\t<div class=\"elementor-icon\">\n\t\t\t<svg aria-hidden=\"true\" class=\"e-font-icon-svg e-fas-chevron-down\" viewbox=\"0 0 448 512\" xmlns=\"http:\/\/www.w3.org\/2000\/svg\"><path d=\"M207.029 381.476L12.686 187.132c-9.373-9.373-9.373-24.569 0-33.941l22.667-22.667c9.357-9.357 24.522-9.375 33.901-.04L224 284.505l154.745-154.021c9.379-9.335 24.544-9.317 33.901.04l22.667 22.667c9.373 9.373 9.373 24.569 0 33.941L240.971 381.476c-9.373 9.372-24.569 9.372-33.942 0z\"><\/path><\/svg>\t\t\t<\/div>\n\t\t<\/div>\n\t\t\t\t\t\t<\/div>\n\t\t\t\t<\/div>\n\t\t\t\t\t<\/div>\n\t\t\t\t<\/div>\n\t\t<div class=\"elementor-element elementor-element-903d06c e-flex e-con-boxed e-con e-parent\" data-id=\"903d06c\" data-element_type=\"container\" data-e-type=\"container\">\n\t\t\t\t\t<div class=\"e-con-inner\">\n\t\t\t\t<div class=\"elementor-element elementor-element-08ebda9 elementor-widget__width-inherit elementor-widget elementor-widget-heading\" data-id=\"08ebda9\" data-element_type=\"widget\" data-e-type=\"widget\" data-widget_type=\"heading.default\">\n\t\t\t\t<div class=\"elementor-widget-container\">\n\t\t\t\t\t<h2 class=\"elementor-heading-title elementor-size-default\">Contact address<\/h2>\t\t\t\t<\/div>\n\t\t\t\t<\/div>\n\t\t\t\t<div class=\"elementor-element elementor-element-032992f elementor-widget__width-inherit elementor-widget elementor-widget-text-editor\" data-id=\"032992f\" data-element_type=\"widget\" data-e-type=\"widget\" data-widget_type=\"text-editor.default\">\n\t\t\t\t<div class=\"elementor-widget-container\">\n\t\t\t\t\t\t\t\t\t<p><strong>TCM Seerose GmbH<\/strong><br \/>Bernstrasse 27<br \/>3302 Moosseedorf<\/p><p>Phone: <a href=\"tel:+41798848168\">079 884 81 68<\/a><br \/>Email: <a href=\"mailto:info@tcm-seerose.ch\" target=\"_blank\" rel=\"noopener\">info@tcm-seerose.ch<\/a><br \/>Website: <a href=\"https:\/\/www.tcm-seerose.ch\/en\/\">www.tcm-seerose.ch<\/a><\/p>\t\t\t\t\t\t\t\t<\/div>\n\t\t\t\t<\/div>\n\t\t\t\t<div class=\"elementor-element elementor-element-39734b3 elementor-widget__width-inherit elementor-widget elementor-widget-heading\" data-id=\"39734b3\" data-element_type=\"widget\" data-e-type=\"widget\" data-widget_type=\"heading.default\">\n\t\t\t\t<div class=\"elementor-widget-container\">\n\t\t\t\t\t<h2 class=\"elementor-heading-title elementor-size-default\">Authorized representative<\/h2>\t\t\t\t<\/div>\n\t\t\t\t<\/div>\n\t\t\t\t<div class=\"elementor-element elementor-element-720c289 elementor-widget__width-inherit elementor-widget elementor-widget-text-editor\" data-id=\"720c289\" data-element_type=\"widget\" data-e-type=\"widget\" data-widget_type=\"text-editor.default\">\n\t\t\t\t<div class=\"elementor-widget-container\">\n\t\t\t\t\t\t\t\t\t<p><a title=\"Learn more about Xiaoyun Li\" href=\"https:\/\/www.tcm-seerose.ch\/en\/about-me\/\">Xiaoyun Li<\/a>, Managing Director<\/p>\t\t\t\t\t\t\t\t<\/div>\n\t\t\t\t<\/div>\n\t\t\t\t<div class=\"elementor-element elementor-element-0caf6ce elementor-widget__width-inherit elementor-widget elementor-widget-heading\" data-id=\"0caf6ce\" data-element_type=\"widget\" data-e-type=\"widget\" data-widget_type=\"heading.default\">\n\t\t\t\t<div class=\"elementor-widget-container\">\n\t\t\t\t\t<h2 class=\"elementor-heading-title elementor-size-default\">Commercial register entry<\/h2>\t\t\t\t<\/div>\n\t\t\t\t<\/div>\n\t\t\t\t<div class=\"elementor-element elementor-element-e87c573 elementor-widget__width-inherit elementor-widget elementor-widget-text-editor\" data-id=\"e87c573\" data-element_type=\"widget\" data-e-type=\"widget\" data-widget_type=\"text-editor.default\">\n\t\t\t\t<div class=\"elementor-widget-container\">\n\t\t\t\t\t\t\t\t\t<p><strong>Registered company name:<\/strong> TCM Seerose GmbH<br \/><strong>Unternehmens-Identifikationsnummer (UID):<\/strong> <a href=\"https:\/\/www.uid.admin.ch\/Detail.aspx?uid_id=CHE167130464&amp;lang=en\" target=\"_blank\" rel=\"noopener\">CHE-167.130.464<\/a><\/p>\t\t\t\t\t\t\t\t<\/div>\n\t\t\t\t<\/div>\n\t\t\t\t<div class=\"elementor-element elementor-element-b31ed13 elementor-widget__width-inherit elementor-widget elementor-widget-heading\" data-id=\"b31ed13\" data-element_type=\"widget\" data-e-type=\"widget\" data-widget_type=\"heading.default\">\n\t\t\t\t<div class=\"elementor-widget-container\">\n\t\t\t\t\t<h2 class=\"elementor-heading-title elementor-size-default\">Professional details &amp; quality assurance<\/h2>\t\t\t\t<\/div>\n\t\t\t\t<\/div>\n\t\t\t\t<div class=\"elementor-element elementor-element-3d4febc elementor-widget__width-inherit elementor-widget elementor-widget-text-editor\" data-id=\"3d4febc\" data-element_type=\"widget\" data-e-type=\"widget\" data-widget_type=\"text-editor.default\">\n\t\t\t\t<div class=\"elementor-widget-container\">\n\t\t\t\t\t\t\t\t\t<p><strong>Job title:<\/strong><br \/>Certified TCM therapist (specializing in Acupuncture \/ Tuina)<\/p><p><strong>Competent supervisory authority:<\/strong><br \/>Gesundheits- und F\u00fcrsorgedirektion des Kantons Bern (GEF)<\/p><p><strong>Professional license:<\/strong> Issued by the Canton of Berne<\/p><p><strong>Billing &amp; identification numbers:<\/strong><\/p><ul><li>ZSR number: T639764<\/li><li>EGK therapist number: 57381<br \/><br \/><\/li><\/ul><p><strong>Certifications:<\/strong> <a href=\"https:\/\/emr.ch\/therapeut\/xiaoyun.li\" target=\"_blank\" rel=\"noopener\">EMR-certified<\/a>, EGK-recognized<\/p><p><strong>Memberships:<\/strong><\/p><ul><li><a href=\"https:\/\/www.oda-am.ch\/de\/home\/\" target=\"_blank\" rel=\"noopener\">OdA AM<\/a>: Organisation der Arbeitswelt Alternativmedizin Schweiz<\/li><li><a href=\"https:\/\/nvs.swiss\/\" target=\"_blank\" rel=\"noopener\">NVS<\/a>: Natur\u00e4rzte Vereinigung Schweiz<\/li><li><a href=\"https:\/\/www.fondation-sne.ch\/de\" target=\"_blank\" rel=\"noopener\">SNE<\/a>: Stiftung f\u00fcr Naturheilkunde und Erfahrungsmedizin<br \/><br \/><\/li><\/ul>\t\t\t\t\t\t\t\t<\/div>\n\t\t\t\t<\/div>\n\t\t\t\t<div class=\"elementor-element elementor-element-6349800 elementor-widget__width-inherit elementor-widget elementor-widget-heading\" data-id=\"6349800\" data-element_type=\"widget\" data-e-type=\"widget\" data-widget_type=\"heading.default\">\n\t\t\t\t<div class=\"elementor-widget-container\">\n\t\t\t\t\t<h2 class=\"elementor-heading-title elementor-size-default\">Disclaimer<\/h2>\t\t\t\t<\/div>\n\t\t\t\t<\/div>\n\t\t\t\t<div class=\"elementor-element elementor-element-7d2bf78 elementor-widget__width-inherit elementor-widget elementor-widget-text-editor\" data-id=\"7d2bf78\" data-element_type=\"widget\" data-e-type=\"widget\" data-widget_type=\"text-editor.default\">\n\t\t\t\t<div class=\"elementor-widget-container\">\n\t\t\t\t\t\t\t\t\t<p>The author accepts no liability whatsoever with regard to the correctness, accuracy, up-to-dateness, reliability and completeness of the information.<\/p><p>Liability claims against the author for damages of a material or immaterial nature arising from the access or use or non-use of the published information, through misuse of the connection or through technical faults are excluded.<\/p>\t\t\t\t\t\t\t\t<\/div>\n\t\t\t\t<\/div>\n\t\t\t\t<div class=\"elementor-element elementor-element-a75d351 elementor-widget__width-inherit elementor-widget elementor-widget-heading\" data-id=\"a75d351\" data-element_type=\"widget\" data-e-type=\"widget\" data-widget_type=\"heading.default\">\n\t\t\t\t<div class=\"elementor-widget-container\">\n\t\t\t\t\t<h2 class=\"elementor-heading-title elementor-size-default\">Liability for links<\/h2>\t\t\t\t<\/div>\n\t\t\t\t<\/div>\n\t\t\t\t<div class=\"elementor-element elementor-element-9895810 elementor-widget__width-inherit elementor-widget elementor-widget-text-editor\" data-id=\"9895810\" data-element_type=\"widget\" data-e-type=\"widget\" data-widget_type=\"text-editor.default\">\n\t\t\t\t<div class=\"elementor-widget-container\">\n\t\t\t\t\t\t\t\t\t<p>References and links to third-party websites are outside our area of responsibility. Any responsibility for such websites is rejected. Access to and use of such websites is at the user's own risk.<\/p>\t\t\t\t\t\t\t\t<\/div>\n\t\t\t\t<\/div>\n\t\t\t\t\t<\/div>\n\t\t\t\t<\/div>\n\t\t\t\t<\/div>","protected":false},"excerpt":{"rendered":"<p>Impressum Kontaktadresse TCM Seerose GmbHBernstrasse 273302 Moosseedorf Telefon: 079 884 81 68E-Mail: info@tcm-seerose.chWebsite: www.tcm-seerose.ch Vertretungs\u00adbe\u00adrech\u00adtigte Person Xiaoyun Li, Gesch\u00e4ftsf\u00fchrerin Handelsregister\u00adeintrag Eingetragener Firmenname: TCM Seerose GmbHUnternehmens-Identifikationsnummer (UID): CHE-167.130.464 Berufsangaben &amp; Qualit\u00e4tssicherung Berufsbezeichnung:Diplomierte TCM-Therapeutin (Fachrichtung Akupunktur \/ Tuina) Zust\u00e4ndige Aufsichtsbeh\u00f6rde:Gesundheits- und F\u00fcrsorgedirektion des Kantons Bern (GEF) Berufsaus\u00fcbungsbewilligung: Erteilt durch den Kanton Bern Abrechnungs- &amp; Identifikationsnummern: ZSR-Nummer: T639764 [&hellip;]<\/p>","protected":false},"author":1,"featured_media":4017,"parent":0,"menu_order":94,"comment_status":"closed","ping_status":"closed","template":"elementor_theme","meta":{"footnotes":""},"class_list":["post-1217","page","type-page","status-publish","has-post-thumbnail","hentry"],"yoast_head":"<!-- This site is optimized with the Yoast SEO plugin v27.3 - https:\/\/yoast.com\/product\/yoast-seo-wordpress\/ -->\n<title>Impressum der TCM Seerose GmbH<\/title>\n<meta name=\"description\" content=\"Rechtliche Angaben, Kontaktinformationen sowie ZSR- und UID-Nummern von Xiaoyun Li \u2713 Jetzt mehr erfahren!\" \/>\n<meta name=\"robots\" content=\"index, follow, max-snippet:-1, max-image-preview:large, max-video-preview:-1\" \/>\n<link rel=\"canonical\" href=\"https:\/\/www.tcm-seerose.ch\/en\/legal-notice\/\" \/>\n<meta property=\"og:locale\" content=\"en_US\" \/>\n<meta property=\"og:type\" content=\"article\" \/>\n<meta property=\"og:title\" content=\"Impressum der TCM Seerose GmbH\" \/>\n<meta property=\"og:description\" content=\"Rechtliche Angaben, Kontaktinformationen sowie ZSR- und UID-Nummern von Xiaoyun Li \u2713 Jetzt mehr erfahren!\" \/>\n<meta property=\"og:url\" content=\"https:\/\/www.tcm-seerose.ch\/en\/legal-notice\/\" \/>\n<meta property=\"og:site_name\" content=\"TCM Seerose GmbH\" \/>\n<meta property=\"article:modified_time\" content=\"2026-04-04T20:20:21+00:00\" \/>\n<meta property=\"og:image\" content=\"https:\/\/www.tcm-seerose.ch\/wp-content\/uploads\/2026\/03\/tcm-seerose-schoenbuehl.jpg\" \/>\n\t<meta property=\"og:image:width\" content=\"1200\" \/>\n\t<meta property=\"og:image:height\" content=\"899\" \/>\n\t<meta property=\"og:image:type\" content=\"image\/jpeg\" \/>\n<meta name=\"twitter:card\" content=\"summary_large_image\" \/>\n<meta name=\"twitter:label1\" content=\"Est. reading time\" \/>\n\t<meta name=\"twitter:data1\" content=\"1 minute\" \/>\n<script type=\"application\/ld+json\" class=\"yoast-schema-graph\">{\"@context\":\"https:\\\/\\\/schema.org\",\"@graph\":[{\"@type\":\"WebPage\",\"@id\":\"https:\\\/\\\/www.tcm-seerose.ch\\\/impressum\\\/\",\"url\":\"https:\\\/\\\/www.tcm-seerose.ch\\\/impressum\\\/\",\"name\":\"Impressum der TCM Seerose GmbH\",\"isPartOf\":{\"@id\":\"https:\\\/\\\/www.tcm-seerose.ch\\\/#website\"},\"primaryImageOfPage\":{\"@id\":\"https:\\\/\\\/www.tcm-seerose.ch\\\/impressum\\\/#primaryimage\"},\"image\":{\"@id\":\"https:\\\/\\\/www.tcm-seerose.ch\\\/impressum\\\/#primaryimage\"},\"thumbnailUrl\":\"https:\\\/\\\/www.tcm-seerose.ch\\\/wp-content\\\/uploads\\\/2026\\\/03\\\/tcm-seerose-schoenbuehl.jpg\",\"datePublished\":\"2026-02-09T11:38:24+00:00\",\"dateModified\":\"2026-04-04T20:20:21+00:00\",\"description\":\"Rechtliche Angaben, Kontaktinformationen sowie ZSR- und UID-Nummern von Xiaoyun Li \u2713 Jetzt mehr erfahren!\",\"breadcrumb\":{\"@id\":\"https:\\\/\\\/www.tcm-seerose.ch\\\/impressum\\\/#breadcrumb\"},\"inLanguage\":\"en-US\",\"potentialAction\":[{\"@type\":\"ReadAction\",\"target\":[\"https:\\\/\\\/www.tcm-seerose.ch\\\/impressum\\\/\"]}]},{\"@type\":\"ImageObject\",\"inLanguage\":\"en-US\",\"@id\":\"https:\\\/\\\/www.tcm-seerose.ch\\\/impressum\\\/#primaryimage\",\"url\":\"https:\\\/\\\/www.tcm-seerose.ch\\\/wp-content\\\/uploads\\\/2026\\\/03\\\/tcm-seerose-schoenbuehl.jpg\",\"contentUrl\":\"https:\\\/\\\/www.tcm-seerose.ch\\\/wp-content\\\/uploads\\\/2026\\\/03\\\/tcm-seerose-schoenbuehl.jpg\",\"width\":1200,\"height\":899,\"caption\":\"TCM Seerose Sch\u00f6nb\u00fchl aussen\"},{\"@type\":\"BreadcrumbList\",\"@id\":\"https:\\\/\\\/www.tcm-seerose.ch\\\/impressum\\\/#breadcrumb\",\"itemListElement\":[{\"@type\":\"ListItem\",\"position\":1,\"name\":\"Home\",\"item\":\"https:\\\/\\\/www.tcm-seerose.ch\\\/\"},{\"@type\":\"ListItem\",\"position\":2,\"name\":\"Impressum\"}]},{\"@type\":\"WebSite\",\"@id\":\"https:\\\/\\\/www.tcm-seerose.ch\\\/#website\",\"url\":\"https:\\\/\\\/www.tcm-seerose.ch\\\/\",\"name\":\"TCM Seerose GmbH\",\"description\":\"\",\"publisher\":{\"@id\":\"https:\\\/\\\/www.tcm-seerose.ch\\\/#organization\"},\"potentialAction\":[{\"@type\":\"SearchAction\",\"target\":{\"@type\":\"EntryPoint\",\"urlTemplate\":\"https:\\\/\\\/www.tcm-seerose.ch\\\/?s={search_term_string}\"},\"query-input\":{\"@type\":\"PropertyValueSpecification\",\"valueRequired\":true,\"valueName\":\"search_term_string\"}}],\"inLanguage\":\"en-US\"},{\"@type\":\"Organization\",\"@id\":\"https:\\\/\\\/www.tcm-seerose.ch\\\/#organization\",\"name\":\"TCM Seerose GmbH\",\"url\":\"https:\\\/\\\/www.tcm-seerose.ch\\\/\",\"logo\":{\"@type\":\"ImageObject\",\"inLanguage\":\"en-US\",\"@id\":\"https:\\\/\\\/www.tcm-seerose.ch\\\/#\\\/schema\\\/logo\\\/image\\\/\",\"url\":\"https:\\\/\\\/www.tcm-seerose.ch\\\/wp-content\\\/uploads\\\/2025\\\/12\\\/tcm-logo-1.jpg\",\"contentUrl\":\"https:\\\/\\\/www.tcm-seerose.ch\\\/wp-content\\\/uploads\\\/2025\\\/12\\\/tcm-logo-1.jpg\",\"width\":1832,\"height\":1612,\"caption\":\"TCM Seerose GmbH\"},\"image\":{\"@id\":\"https:\\\/\\\/www.tcm-seerose.ch\\\/#\\\/schema\\\/logo\\\/image\\\/\"}}]}<\/script>\n<!-- \/ Yoast SEO plugin. -->","yoast_head_json":{"title":"Legal notice of TCM Seerose GmbH","description":"Legal details, contact information and ZSR and VAT numbers for Xiaoyun Li \u2713 Find out more now!","robots":{"index":"index","follow":"follow","max-snippet":"max-snippet:-1","max-image-preview":"max-image-preview:large","max-video-preview":"max-video-preview:-1"},"canonical":"https:\/\/www.tcm-seerose.ch\/en\/legal-notice\/","og_locale":"en_US","og_type":"article","og_title":"Impressum der TCM Seerose GmbH","og_description":"Rechtliche Angaben, Kontaktinformationen sowie ZSR- und UID-Nummern von Xiaoyun Li \u2713 Jetzt mehr erfahren!","og_url":"https:\/\/www.tcm-seerose.ch\/en\/legal-notice\/","og_site_name":"TCM Seerose GmbH","article_modified_time":"2026-04-04T20:20:21+00:00","og_image":[{"width":1200,"height":899,"url":"https:\/\/www.tcm-seerose.ch\/wp-content\/uploads\/2026\/03\/tcm-seerose-schoenbuehl.jpg","type":"image\/jpeg"}],"twitter_card":"summary_large_image","twitter_misc":{"Est. reading time":"1 minute"},"schema":{"@context":"https:\/\/schema.org","@graph":[{"@type":"WebPage","@id":"https:\/\/www.tcm-seerose.ch\/impressum\/","url":"https:\/\/www.tcm-seerose.ch\/impressum\/","name":"Legal notice of TCM Seerose GmbH","isPartOf":{"@id":"https:\/\/www.tcm-seerose.ch\/#website"},"primaryImageOfPage":{"@id":"https:\/\/www.tcm-seerose.ch\/impressum\/#primaryimage"},"image":{"@id":"https:\/\/www.tcm-seerose.ch\/impressum\/#primaryimage"},"thumbnailUrl":"https:\/\/www.tcm-seerose.ch\/wp-content\/uploads\/2026\/03\/tcm-seerose-schoenbuehl.jpg","datePublished":"2026-02-09T11:38:24+00:00","dateModified":"2026-04-04T20:20:21+00:00","description":"Legal details, contact information and ZSR and VAT numbers for Xiaoyun Li \u2713 Find out more now!","breadcrumb":{"@id":"https:\/\/www.tcm-seerose.ch\/impressum\/#breadcrumb"},"inLanguage":"en-US","potentialAction":[{"@type":"ReadAction","target":["https:\/\/www.tcm-seerose.ch\/impressum\/"]}]},{"@type":"ImageObject","inLanguage":"en-US","@id":"https:\/\/www.tcm-seerose.ch\/impressum\/#primaryimage","url":"https:\/\/www.tcm-seerose.ch\/wp-content\/uploads\/2026\/03\/tcm-seerose-schoenbuehl.jpg","contentUrl":"https:\/\/www.tcm-seerose.ch\/wp-content\/uploads\/2026\/03\/tcm-seerose-schoenbuehl.jpg","width":1200,"height":899,"caption":"TCM Seerose Sch\u00f6nb\u00fchl aussen"},{"@type":"BreadcrumbList","@id":"https:\/\/www.tcm-seerose.ch\/impressum\/#breadcrumb","itemListElement":[{"@type":"ListItem","position":1,"name":"Home","item":"https:\/\/www.tcm-seerose.ch\/"},{"@type":"ListItem","position":2,"name":"Impressum"}]},{"@type":"WebSite","@id":"https:\/\/www.tcm-seerose.ch\/#website","url":"https:\/\/www.tcm-seerose.ch\/","name":"TCM Seerose GmbH","description":"","publisher":{"@id":"https:\/\/www.tcm-seerose.ch\/#organization"},"potentialAction":[{"@type":"SearchAction","target":{"@type":"EntryPoint","urlTemplate":"https:\/\/www.tcm-seerose.ch\/?s={search_term_string}"},"query-input":{"@type":"PropertyValueSpecification","valueRequired":true,"valueName":"search_term_string"}}],"inLanguage":"en-US"},{"@type":"Organization","@id":"https:\/\/www.tcm-seerose.ch\/#organization","name":"TCM Seerose GmbH","url":"https:\/\/www.tcm-seerose.ch\/","logo":{"@type":"ImageObject","inLanguage":"en-US","@id":"https:\/\/www.tcm-seerose.ch\/#\/schema\/logo\/image\/","url":"https:\/\/www.tcm-seerose.ch\/wp-content\/uploads\/2025\/12\/tcm-logo-1.jpg","contentUrl":"https:\/\/www.tcm-seerose.ch\/wp-content\/uploads\/2025\/12\/tcm-logo-1.jpg","width":1832,"height":1612,"caption":"TCM Seerose GmbH"},"image":{"@id":"https:\/\/www.tcm-seerose.ch\/#\/schema\/logo\/image\/"}}]}},"_links":{"self":[{"href":"https:\/\/www.tcm-seerose.ch\/en\/wp-json\/wp\/v2\/pages\/1217","targetHints":{"allow":["GET"]}}],"collection":[{"href":"https:\/\/www.tcm-seerose.ch\/en\/wp-json\/wp\/v2\/pages"}],"about":[{"href":"https:\/\/www.tcm-seerose.ch\/en\/wp-json\/wp\/v2\/types\/page"}],"author":[{"embeddable":true,"href":"https:\/\/www.tcm-seerose.ch\/en\/wp-json\/wp\/v2\/users\/1"}],"replies":[{"embeddable":true,"href":"https:\/\/www.tcm-seerose.ch\/en\/wp-json\/wp\/v2\/comments?post=1217"}],"version-history":[{"count":3,"href":"https:\/\/www.tcm-seerose.ch\/en\/wp-json\/wp\/v2\/pages\/1217\/revisions"}],"predecessor-version":[{"id":4825,"href":"https:\/\/www.tcm-seerose.ch\/en\/wp-json\/wp\/v2\/pages\/1217\/revisions\/4825"}],"wp:featuredmedia":[{"embeddable":true,"href":"https:\/\/www.tcm-seerose.ch\/en\/wp-json\/wp\/v2\/media\/4017"}],"wp:attachment":[{"href":"https:\/\/www.tcm-seerose.ch\/en\/wp-json\/wp\/v2\/media?parent=1217"}],"curies":[{"name":"wp","href":"https:\/\/api.w.org\/{rel}","templated":true}]}}